{"id":6233,"date":"2020-06-12T15:54:40","date_gmt":"2020-06-12T19:56:03","guid":{"rendered":"https:\/\/www.artinuitbrousseau.ca\/?post_type=product&#038;p=6233"},"modified":"2021-03-16T17:47:30","modified_gmt":"2021-03-16T21:47:30","slug":"ruth-aqiatusuk-shaman","status":"publish","type":"product","link":"https:\/\/www.artinuitbrousseau.ca\/en\/boutique\/ruth-aqiatusuk-shaman\/","title":{"rendered":"Shaman"},"content":{"rendered":"<p>Ruth Aqiatusuk-Shaman<br \/>\nSanikiluaq, Nunavut<br \/>\n1998<br \/>\nArgilite Stone and Ivory<\/p>\n<p>29.3 cm x 24 cm x 7.7 cm<br \/>\n11\u00bd in x 9\u215c in x 3 in<\/p>\n","protected":false},"excerpt":{"rendered":"<p><strong>Ruth Aqiatusuk<br \/>\n<\/strong>Sanikiluaq, Nunavut<br \/>\n1998<br \/>\nArgilite Stone and Ivory<\/p>\n<p>29.3 cm x 24 cm x 7.7 cm<br \/>\n11\u00bd in x 9\u215c in x 3 in<\/p>\n<p>***<strong>Cette sculpture ne peut pas \u00eatre exp\u00e9di\u00e9e \u00e0 l\u2019ext\u00e9rieur du Canada<\/strong>***<\/p>\n<p>Some organic materials such as walrus ivory and whale bone cannot be exported out of the country. International legislation does not allow us to ship sculptures made from one of these materials out of Canada<\/p>\n","protected":false},"featured_media":6232,"template":"","meta":{"_acf_changed":false},"product_brand":[],"product_cat":[175,424,96,105,223],"product_tag":[],"class_list":{"0":"post-6233","1":"product","2":"type-product","3":"status-publish","4":"has-post-thumbnail","6":"product_cat-artistes-en","7":"product_cat-ruth-aqiatusuk-en","8":"product_cat-sculptures-en","9":"product_cat-spirits-transformations","10":"product_cat-subjects","11":"product_shipping_class-35-lbs-en","13":"first","14":"instock","15":"taxable","16":"shipping-taxable","17":"product-type-simple"},"acf":[],"_links":{"self":[{"href":"https:\/\/www.artinuitbrousseau.ca\/en\/wp-json\/wp\/v2\/product\/6233","targetHints":{"allow":["GET"]}}],"collection":[{"href":"https:\/\/www.artinuitbrousseau.ca\/en\/wp-json\/wp\/v2\/product"}],"about":[{"href":"https:\/\/www.artinuitbrousseau.ca\/en\/wp-json\/wp\/v2\/types\/product"}],"wp:featuredmedia":[{"embeddable":true,"href":"https:\/\/www.artinuitbrousseau.ca\/en\/wp-json\/wp\/v2\/media\/6232"}],"wp:attachment":[{"href":"https:\/\/www.artinuitbrousseau.ca\/en\/wp-json\/wp\/v2\/media?parent=6233"}],"wp:term":[{"taxonomy":"product_brand","embeddable":true,"href":"https:\/\/www.artinuitbrousseau.ca\/en\/wp-json\/wp\/v2\/product_brand?post=6233"},{"taxonomy":"product_cat","embeddable":true,"href":"https:\/\/www.artinuitbrousseau.ca\/en\/wp-json\/wp\/v2\/product_cat?post=6233"},{"taxonomy":"product_tag","embeddable":true,"href":"https:\/\/www.artinuitbrousseau.ca\/en\/wp-json\/wp\/v2\/product_tag?post=6233"}],"curies":[{"name":"wp","href":"https:\/\/api.w.org\/{rel}","templated":true}]}}