{"id":4939,"date":"2020-03-25T14:51:13","date_gmt":"2020-03-25T18:51:13","guid":{"rendered":"https:\/\/www.artinuitbrousseau.ca\/?page_id=4939"},"modified":"2023-03-09T17:45:15","modified_gmt":"2023-03-09T22:45:15","slug":"contact-valued-customers","status":"publish","type":"page","link":"https:\/\/www.artinuitbrousseau.ca\/en\/contact-valued-customers\/","title":{"rendered":"Contact valued customers"},"content":{"rendered":"\t<section class=\"section\" id=\"section_690265561\">\n\t\t<div class=\"bg section-bg fill bg-fill  bg-loaded\" >\n\n\t\t\t\n\t\t\t<div class=\"section-bg-overlay absolute fill\"><\/div>\n\t\t\t\n\n\t\t<\/div>\n\n\t\t\n\n\t\t<div class=\"section-content relative\">\n\t\t\t\n<div class=\"row row-large align-center\"  id=\"row-685809822\">\n\n\t<div id=\"col-1699716060\" class=\"col large-12\"  >\n\t\t\t\t<div class=\"col-inner\"  >\n\t\t\t\n\t\t\t\n<div class=\"container section-title-container\" ><h3 class=\"section-title section-title-center\"><b><\/b><span class=\"section-title-main\" style=\"font-size:150%;\">\u00c0 notre fid\u00e8le client\u00e8le<\/span><b><\/b><\/h3><\/div>\n\t\t<\/div>\n\t\t\t\t\t<\/div>\n\n\t\n\n\t<div id=\"col-737930439\" class=\"col medium-6 small-12 large-6\"  >\n\t\t\t\t<div class=\"col-inner text-center\"  >\n\t\t\t\n\t\t\t\n<div class=\"container section-title-container\" ><h3 class=\"section-title section-title-center\"><b><\/b><span class=\"section-title-main\" >Business Hours<\/span><b><\/b><\/h3><\/div>\n<div class=\"row\"  id=\"row-1727130913\">\n\n\t<div id=\"col-1600942442\" class=\"col small-12 large-12\"  >\n\t\t\t\t<div class=\"col-inner\"  >\n\t\t\t\n\t\t\t\n<table style=\"border-collapse: collapse; max-width: 220px; margin: 0 auto; display: block;\">\n<tr>\n<td>Monday:<\/td>\n<td>10:00am &#8211; 5:30pm<\/td>\n<\/tr>\n<tr>\n<td>Tuesday:<\/td>\n<td>10:00am &#8211; 5:30pm<\/td>\n<\/tr>\n<td>Wednesday:<\/td>\n<td>10:00am &#8211; 5:30pm<\/td>\n<\/tr>\n<td>Thursday:<\/td>\n<td>10:00am &#8211; 5:30pm<\/td>\n<\/tr>\n<td>Friday:<\/td>\n<td>10:00am &#8211; 5:30pm<\/td>\n<\/tr>\n<td>Saturday:<\/td>\n<td>10:00am &#8211; 5:30pm<\/td>\n<\/tr>\n<td>Sunday:<\/td>\n<td>10:00am &#8211; 5:30pm<\/td>\n<\/tr>\n<\/table>\n\t\t<\/div>\n\t\t\t\t\t<\/div>\n\n\t\n\n\t<div id=\"col-1727898859\" class=\"col small-12 large-12\"  >\n\t\t\t\t<div class=\"col-inner\"  >\n\t\t\t\n\t\t\t\n<p><strong>Would you like to make an appointment?<\/strong><br \/>\nContact us beforehand to plan your visit.<\/p>\n<p>Our team remains at your disposal and will be happy to answer your questions! <a href=\"mailto:info@artinuit.ca\">info@artinuit.ca.<\/a><\/p>\n<p>Thank you for your trust and we hope to see you soon!<\/p>\n\t\t<\/div>\n\t\t\t\t\t<\/div>\n\n\t\n<\/div>\n\t\t<\/div>\n\t\t\t\t\t<\/div>\n\n\t\n\n\t<div id=\"col-1248428156\" class=\"col medium-5 small-12 large-5\"  >\n\t\t\t\t<div class=\"col-inner text-center\"  >\n\t\t\t\n\t\t\t\n<p><a href=\"http:\/\/46.811648106942506, -71.20685603914055\"><strong>Galerie Art Inuit Brousseau<em><br \/>\n<\/em><\/strong>35, rue Saint-Louis<\/a><br \/>\nQu\u00e9bec, QC<br \/>\nG1R 3Z2, Canada<\/p>\n<p><strong>Phone: 418-694-1828<\/strong><\/p>\n<p><strong>Email: <a href=\"mailto:info@artinuit.ca\">info@artinuit.ca<\/a><\/strong><\/p>\n<div class=\"container section-title-container\" ><h3 class=\"section-title section-title-center\"><b><\/b><span class=\"section-title-main\" >Follow Us!<\/span><b><\/b><\/h3><\/div>\n<div class=\"social-icons follow-icons full-width text-center\" ><a href=\"https:\/\/www.facebook.com\/artinuitbrousseau\/\" target=\"_blank\" data-label=\"Facebook\" class=\"icon button circle is-outline facebook tooltip\" title=\"Follow on Facebook\" aria-label=\"Follow on Facebook\" rel=\"noopener nofollow\" ><i class=\"icon-facebook\" ><\/i><\/a><a href=\"https:\/\/www.instagram.com\/artinuitbrousseau\/\" target=\"_blank\" data-label=\"Instagram\" class=\"icon button circle is-outline instagram tooltip\" title=\"Follow on Instagram\" aria-label=\"Follow on Instagram\" rel=\"noopener nofollow\" ><i class=\"icon-instagram\" ><\/i><\/a><a href=\"mailto:mailto:info@artinuit.ca\" data-label=\"E-mail\" target=\"_blank\" class=\"icon button circle is-outline email tooltip\" title=\"Send us an email\" aria-label=\"Send us an email\" rel=\"nofollow noopener\" ><i class=\"icon-envelop\" ><\/i><\/a><\/div>\n\n<!-- Begin Mailchimp Signup Form -->\n<link href=\"\/\/cdn-images.mailchimp.com\/embedcode\/classic-10_7.css\" rel=\"stylesheet\" type=\"text\/css\">\n<style type=\"text\/css\">\n\t#mc_embed_signup{background:#fff; clear:left; font:14px Helvetica,Arial,sans-serif; }\n\t\/* Add your own Mailchimp form style overrides in your site stylesheet or in this style block.\n\t   We recommend moving this block and the preceding CSS link to the HEAD of your HTML file. *\/\n<\/style>\n<style type=\"text\/css\">\n\t#mc-embedded-subscribe-form input[type=checkbox]{display: inline; width: auto;margin-right: 10px;}\n\t#mergeRow-gdpr {margin-top: 20px;}\n\t#mergeRow-gdpr fieldset label {font-weight: normal;}\n\t#mc-embedded-subscribe-form .mc_fieldset{border:none;min-height: 0px;padding-bottom:0px;}\n<\/style>\n<div id=\"newsletter\"><\/div>\n<div id=\"mc_embed_signup\">\n<form action=\"https:\/\/artinuit.us19.list-manage.com\/subscribe\/post?u=357f1431a2f2ba9e0ebc38d60&amp;id=ce5100bae9\" method=\"post\" id=\"mc-embedded-subscribe-form\" name=\"mc-embedded-subscribe-form\" class=\"validate\" target=\"_blank\" novalidate>\n    <div id=\"mc_embed_signup_scroll\">\n\t<h2>Newsletter<\/h2>\n<div class=\"mc-field-group\">\n\t<label for=\"mce-EMAIL\">Email  <span class=\"asterisk\">*<\/span>\n<\/label>\n\t<input type=\"email\" value=\"\" name=\"EMAIL\" class=\"required email\" id=\"mce-EMAIL\">\n<\/div>\n<div class=\"mc-field-group\">\n\t<label for=\"mce-FNAME\">First name <\/label>\n\t<input type=\"text\" value=\"\" name=\"FNAME\" class=\"\" id=\"mce-FNAME\">\n<\/div>\n<div class=\"mc-field-group\">\n\t<label for=\"mce-LNAME\">Last name <\/label>\n\t<input type=\"text\" value=\"\" name=\"LNAME\" class=\"\" id=\"mce-LNAME\">\n<\/div>\n<div class=\"mc-field-group\">\n\t<label for=\"mce-ZLANGUE\">Language  <span class=\"asterisk\">*<\/span>\n<\/label>\n\t<select name=\"ZLANGUE\" class=\"required\" id=\"mce-ZLANGUE\">\n\t<option value=\"\"><\/option>\n\t<option value=\"FR\">FR<\/option>\n<option value=\"EN\">EN<\/option>\n\n\t<\/select>\n<\/div>\n<div id=\"mergeRow-gdpr\" class=\"mergeRow gdpr-mergeRow content__gdprBlock mc-field-group\">\n    <div class=\"content__gdpr\">\n        <label>Autorisations de marketing<\/label>\n        <p>Please select all the ways you would like to hear from Galerie Art Inuit Brousseau:<\/p>\n        <fieldset class=\"mc_fieldset gdprRequired mc-field-group\" name=\"interestgroup_field\">\n\t\t<label class=\"checkbox subfield\" for=\"gdpr_57647\"><input type=\"checkbox\" id=\"gdpr_57647\" name=\"gdpr[57647]\" value=\"Y\" class=\"av-checkbox \"><span>Email<\/span> <\/label><label class=\"checkbox subfield\" for=\"gdpr_57651\"><input type=\"checkbox\" id=\"gdpr_57651\" name=\"gdpr[57651]\" value=\"Y\" class=\"av-checkbox \"><span>Direct Mail<\/span> <\/label><label class=\"checkbox subfield\" for=\"gdpr_57655\"><input type=\"checkbox\" id=\"gdpr_57655\" name=\"gdpr[57655]\" value=\"Y\" class=\"av-checkbox \"><span>Customized online advertising<\/span> <\/label>\n        <\/fieldset>\n        <p>You can unsubscribe at any time by clicking the link in the footer of our emails. For information about our privacy practices, please visit our website.<\/p>\n    <\/div>\n    <div class=\"content__gdprLegal\">\n        <p>We use Mailchimp as our marketing platform. By clicking below to subscribe, you acknowledge that your information will be transferred to Mailchimp for processing. <a href=\"https:\/\/mailchimp.com\/legal\/\" target=\"_blank\">Learn more about Mailchimp's privacy practices here.<\/a><\/p>\n    <\/div>\n<\/div>\n\t<div id=\"mce-responses\" class=\"clear\">\n\t\t<div class=\"response\" id=\"mce-error-response\" style=\"display:none\"><\/div>\n\t\t<div class=\"response\" id=\"mce-success-response\" style=\"display:none\"><\/div>\n\t<\/div>    <!-- real people should not fill this in and expect good things - do not remove this or risk form bot signups-->\n    <div style=\"position: absolute; left: -5000px;\" aria-hidden=\"true\"><input type=\"text\" name=\"b_357f1431a2f2ba9e0ebc38d60_ce5100bae9\" tabindex=\"-1\" value=\"\"><\/div>\n    <div class=\"clear\"><input type=\"submit\" value=\"Subscribe\" name=\"subscribe\" id=\"mc-embedded-subscribe\" class=\"button\"><\/div>\n    <\/div>\n<\/form>\n<\/div>\n<script type='text\/javascript' src='\/\/s3.amazonaws.com\/downloads.mailchimp.com\/js\/mc-validate.js'><\/script><script type='text\/javascript'>(function($) {window.fnames = new Array(); window.ftypes = new Array();fnames[0]='EMAIL';ftypes[0]='email';fnames[1]='FNAME';ftypes[1]='text';fnames[2]='LNAME';ftypes[2]='text';fnames[3]='ZLANGUE';ftypes[3]='dropdown'; \/*\n * Translated default messages for the $ validation plugin.\n * Locale: FR\n *\/\n$.extend($.validator.messages, {\n        required: \"This field is required.\",\n        remote: \"Please complete this field to continue.\",\n        email: \"Please enter a valid email address.\",\n        url: \"Please enter a valid URL.\",\n        date: \"Please enter a valid date.\",\n        dateISO: \"Please enter a valid date (ISO).\",\n        number: \"Please enter a valid number.\",\n        digits: \"Please enter (only) a numeric value.\",\n        creditcard: \"Please enter a valid credit card number.\",\n        equalTo: \"Please enter the same value again.\",\n        accept: \"Please enter a value with a valid extension.\",\n        maxlength: $.validator.format(\"Please enter no more than {0} characters.\"),\n        minlength: $.validator.format(\"Please enter at least {0} characters.\"),\n        rangelength: $.validator.format(\"Please enter between {0} and {1} characters.\"),\n        range: $.validator.format(\"Please enter a value between {0} and {1}.\"),\n        max: $.validator.format(\"Please enter a value less than or equal to {0}.\"),\n        min: $.validator.format(\"Please enter a value greater than or equal to {0}.\")\n});}(jQuery));var $mcj = jQuery.noConflict(true);<\/script>\n<!--End mc_embed_signup-->\n\t\n\t\t<\/div>\n\t\t\t\t\n<style>\n#col-1248428156 > .col-inner {\n  padding: 10px 0px 0px 0px;\n}\n<\/style>\n\t<\/div>\n\n\t\n<\/div>\n\t\t<\/div>\n\n\t\t\n<style>\n#section_690265561 {\n  padding-top: 0px;\n  padding-bottom: 0px;\n  background-color: rgb(193, 193, 193);\n}\n#section_690265561 .section-bg-overlay {\n  background-color: rgba(255, 255, 255, 0.85);\n}\n<\/style>\n\t<\/section>\n\t\n","protected":false},"excerpt":{"rendered":"","protected":false},"author":1,"featured_media":0,"parent":0,"menu_order":0,"comment_status":"closed","ping_status":"closed","template":"","meta":{"_acf_changed":false,"footnotes":""},"class_list":["post-4939","page","type-page","status-publish","hentry"],"acf":[],"_links":{"self":[{"href":"https:\/\/www.artinuitbrousseau.ca\/en\/wp-json\/wp\/v2\/pages\/4939","targetHints":{"allow":["GET"]}}],"collection":[{"href":"https:\/\/www.artinuitbrousseau.ca\/en\/wp-json\/wp\/v2\/pages"}],"about":[{"href":"https:\/\/www.artinuitbrousseau.ca\/en\/wp-json\/wp\/v2\/types\/page"}],"author":[{"embeddable":true,"href":"https:\/\/www.artinuitbrousseau.ca\/en\/wp-json\/wp\/v2\/users\/1"}],"replies":[{"embeddable":true,"href":"https:\/\/www.artinuitbrousseau.ca\/en\/wp-json\/wp\/v2\/comments?post=4939"}],"version-history":[{"count":52,"href":"https:\/\/www.artinuitbrousseau.ca\/en\/wp-json\/wp\/v2\/pages\/4939\/revisions"}],"predecessor-version":[{"id":13681,"href":"https:\/\/www.artinuitbrousseau.ca\/en\/wp-json\/wp\/v2\/pages\/4939\/revisions\/13681"}],"wp:attachment":[{"href":"https:\/\/www.artinuitbrousseau.ca\/en\/wp-json\/wp\/v2\/media?parent=4939"}],"curies":[{"name":"wp","href":"https:\/\/api.w.org\/{rel}","templated":true}]}}